{"id":31,"date":"2025-02-08T17:31:31","date_gmt":"2025-02-08T16:31:31","guid":{"rendered":"https:\/\/www.vocalensemble-mittendrin.at\/?page_id=31"},"modified":"2026-04-14T22:13:53","modified_gmt":"2026-04-14T20:13:53","slug":"herzlich-willkommen-auf-der-homepage-vom-vocalensemble-mittendrin","status":"publish","type":"page","link":"https:\/\/www.vocalensemble-mittendrin.at\/","title":{"rendered":"Vocalensemble Mittendrin"},"content":{"rendered":"\n<h4 class=\"wp-block-heading\">Herzlich Willkommen!<\/h4>\n\n\n\n<figure class=\"wp-block-image size-large\"><img loading=\"lazy\" decoding=\"async\" width=\"1024\" height=\"382\" src=\"https:\/\/www.vocalensemble-mittendrin.at\/wp-content\/uploads\/2026\/04\/DSCF8681-1024x382.jpg\" alt=\"\" class=\"wp-image-268\" srcset=\"https:\/\/www.vocalensemble-mittendrin.at\/wp-content\/uploads\/2026\/04\/DSCF8681-1024x382.jpg 1024w, https:\/\/www.vocalensemble-mittendrin.at\/wp-content\/uploads\/2026\/04\/DSCF8681-300x112.jpg 300w, https:\/\/www.vocalensemble-mittendrin.at\/wp-content\/uploads\/2026\/04\/DSCF8681-768x287.jpg 768w, https:\/\/www.vocalensemble-mittendrin.at\/wp-content\/uploads\/2026\/04\/DSCF8681-1536x574.jpg 1536w, https:\/\/www.vocalensemble-mittendrin.at\/wp-content\/uploads\/2026\/04\/DSCF8681-2048x765.jpg 2048w\" sizes=\"auto, (max-width: 1024px) 100vw, 1024px\" \/><\/figure>\n\n\n\n<p>Mittendrin ist eine seit 1996 bestehende Gemeinschaft, die sich w\u00f6chentlich von West, Ost, Nord und S\u00fcd her kommend- jede Woche &#8222;mittendrin&#8220; in St.Michael in der Obersteiermark trifft, um ihrem Hobby zu fr\u00f6nen, Neues einzulernen, Altes zu festigen und Spa\u00df zu haben.<\/p>\n\n\n\n<p>Unser Chorleiter Christian Rehrl-Leopold ist stets bem\u00fcht, aus unserer Truppe das Maximum heraus zu holen.<br><\/p>\n\n\n\n<p><strong><mark style=\"background-color:rgba(0, 0, 0, 0)\" class=\"has-inline-color has-accent-color\">Wer steht hinter Mittendrin? <\/mark> <\/strong>  <br>Wir sind 2 Soprane, 2 Mezzosoprane, 3 Alte, 2 Ten\u00f6re, 1 Bariton und 2 B\u00e4sse. Unser Chorleiter Christian Rehrl- Leopold ist ebenfalls zentraler Bestandteil unseres Chors. <br><\/p>\n\n\n\n<p><mark style=\"background-color:rgba(0, 0, 0, 0)\" class=\"has-inline-color has-accent-color\"><strong>Was machen wir besonders gerne?<\/strong><\/mark><br>Wir gestalten gerne Hochzeiten musikalisch, beschallen beim \u00f6rtlichen Pfarrfest das Gotteshaus und sind auf der B\u00fchne am Christkindlmarkt in der Bezirkshauptstadt Leoben ein fixer Bestandteil.<br>Lieblingsliteratur sind Werke aus dem Bereich Pop\/Rock sowie Gospels und Spirituals, die meist in Konzerts\u00e4len und Kirchen im Bezirk zur Auff\u00fchrung gebracht werden. Um f\u00fcr gr\u00f6\u00dfere Konzerte gewappnet zu sein, organisiert unsere Obfrau Probenwochenenden, an denen wir m\u00f6glichst viele konzentrierte Probeneinheiten abseits unsers Zuhauses absolvieren zu k\u00f6nnen, und, nicht unwichtig, unsere Gemeinschaft st\u00e4rken.<br><\/p>\n\n\n\n<p>2026 feiert Mittendrin sein 30- j\u00e4hriges Bestehen. Dieses Jubil\u00e4um wird selbstverst\u00e4ndlich mit Konzerten zelebriert werden.<\/p>\n\n\n\n<div class=\"wp-block-columns is-layout-flex wp-container-core-columns-is-layout-9d6595d7 wp-block-columns-is-layout-flex\">\n<div class=\"wp-block-column is-layout-flow wp-block-column-is-layout-flow\">\n<figure class=\"wp-block-image size-large\"><img loading=\"lazy\" decoding=\"async\" width=\"726\" height=\"1024\" src=\"https:\/\/www.vocalensemble-mittendrin.at\/wp-content\/uploads\/2026\/04\/WhatsApp-Image-2026-03-25-at-13.40.59-726x1024.jpeg\" alt=\"\" class=\"wp-image-265\" srcset=\"https:\/\/www.vocalensemble-mittendrin.at\/wp-content\/uploads\/2026\/04\/WhatsApp-Image-2026-03-25-at-13.40.59-726x1024.jpeg 726w, https:\/\/www.vocalensemble-mittendrin.at\/wp-content\/uploads\/2026\/04\/WhatsApp-Image-2026-03-25-at-13.40.59-213x300.jpeg 213w, https:\/\/www.vocalensemble-mittendrin.at\/wp-content\/uploads\/2026\/04\/WhatsApp-Image-2026-03-25-at-13.40.59-768x1084.jpeg 768w, https:\/\/www.vocalensemble-mittendrin.at\/wp-content\/uploads\/2026\/04\/WhatsApp-Image-2026-03-25-at-13.40.59.jpeg 1080w\" sizes=\"auto, (max-width: 726px) 100vw, 726px\" \/><\/figure>\n<\/div>\n\n\n\n<div class=\"wp-block-column is-layout-flow wp-block-column-is-layout-flow\">\n<figure class=\"wp-block-image size-large\"><img loading=\"lazy\" decoding=\"async\" width=\"724\" height=\"1024\" src=\"https:\/\/www.vocalensemble-mittendrin.at\/wp-content\/uploads\/2026\/04\/WhatsApp-Image-2026-03-28-at-09.47.50-724x1024.jpeg\" alt=\"\" class=\"wp-image-266\" srcset=\"https:\/\/www.vocalensemble-mittendrin.at\/wp-content\/uploads\/2026\/04\/WhatsApp-Image-2026-03-28-at-09.47.50-724x1024.jpeg 724w, https:\/\/www.vocalensemble-mittendrin.at\/wp-content\/uploads\/2026\/04\/WhatsApp-Image-2026-03-28-at-09.47.50-212x300.jpeg 212w, https:\/\/www.vocalensemble-mittendrin.at\/wp-content\/uploads\/2026\/04\/WhatsApp-Image-2026-03-28-at-09.47.50-768x1086.jpeg 768w, https:\/\/www.vocalensemble-mittendrin.at\/wp-content\/uploads\/2026\/04\/WhatsApp-Image-2026-03-28-at-09.47.50-1087x1536.jpeg 1087w, https:\/\/www.vocalensemble-mittendrin.at\/wp-content\/uploads\/2026\/04\/WhatsApp-Image-2026-03-28-at-09.47.50.jpeg 1132w\" sizes=\"auto, (max-width: 724px) 100vw, 724px\" \/><\/figure>\n<\/div>\n<\/div>\n","protected":false},"excerpt":{"rendered":"<p>Herzlich Willkommen! Mittendrin ist eine seit 1996 bestehende Gemeinschaft, die sich w\u00f6chentlich von West, Ost, Nord und S\u00fcd her kommend- jede Woche &#8222;mittendrin&#8220; in St.Michael in der Obersteiermark trifft, um ihrem Hobby zu fr\u00f6nen, Neues einzulernen, Altes zu festigen und Spa\u00df zu haben. Unser Chorleiter Christian Rehrl-Leopold ist stets bem\u00fcht, aus unserer Truppe das Maximum &#8230; <a title=\"Vocalensemble Mittendrin\" class=\"read-more\" href=\"https:\/\/www.vocalensemble-mittendrin.at\/\" aria-label=\"Mehr Informationen \u00fcber Vocalensemble Mittendrin\">Weiterlesen<\/a><\/p>\n","protected":false},"author":1,"featured_media":0,"parent":0,"menu_order":0,"comment_status":"closed","ping_status":"closed","template":"","meta":{"footnotes":""},"class_list":["post-31","page","type-page","status-publish"],"_links":{"self":[{"href":"https:\/\/www.vocalensemble-mittendrin.at\/index.php?rest_route=\/wp\/v2\/pages\/31","targetHints":{"allow":["GET"]}}],"collection":[{"href":"https:\/\/www.vocalensemble-mittendrin.at\/index.php?rest_route=\/wp\/v2\/pages"}],"about":[{"href":"https:\/\/www.vocalensemble-mittendrin.at\/index.php?rest_route=\/wp\/v2\/types\/page"}],"author":[{"embeddable":true,"href":"https:\/\/www.vocalensemble-mittendrin.at\/index.php?rest_route=\/wp\/v2\/users\/1"}],"replies":[{"embeddable":true,"href":"https:\/\/www.vocalensemble-mittendrin.at\/index.php?rest_route=%2Fwp%2Fv2%2Fcomments&post=31"}],"version-history":[{"count":13,"href":"https:\/\/www.vocalensemble-mittendrin.at\/index.php?rest_route=\/wp\/v2\/pages\/31\/revisions"}],"predecessor-version":[{"id":269,"href":"https:\/\/www.vocalensemble-mittendrin.at\/index.php?rest_route=\/wp\/v2\/pages\/31\/revisions\/269"}],"wp:attachment":[{"href":"https:\/\/www.vocalensemble-mittendrin.at\/index.php?rest_route=%2Fwp%2Fv2%2Fmedia&parent=31"}],"curies":[{"name":"wp","href":"https:\/\/api.w.org\/{rel}","templated":true}]}}